{"id":27824,"date":"2025-04-04T12:08:09","date_gmt":"2025-04-04T15:08:09","guid":{"rendered":"https:\/\/jpugarte.cl\/?post_type=product&#038;p=27824"},"modified":"2025-04-08T13:38:34","modified_gmt":"2025-04-08T17:38:34","slug":"blazer-de-lana-vitale-barberis-canonico","status":"publish","type":"product","link":"https:\/\/jpugarte.cl\/en\/product\/blazer-de-lana-vitale-barberis-canonico\/","title":{"rendered":"Wool Blazer\/Vitale Barberis Canonico"},"content":{"rendered":"","protected":false},"excerpt":{"rendered":"<p>Cl\u00e1sico y sofisticado, este blazer azul est\u00e1 confeccionado en lana italiana de la reconocida Vitale Barberis Canonico. Su ca\u00edda impecable y textura suave lo convierten en una pieza vers\u00e1til para el d\u00eda a d\u00eda elegante o eventos formales.<br data-start=\"360\" data-end=\"363\" \/>Corte tradicional, con botones dorados y solapa de muesca.<\/p>","protected":false},"featured_media":27834,"comment_status":"open","ping_status":"closed","template":"","meta":[],"product_brand":[],"product_cat":[193],"product_tag":[],"class_list":{"0":"post-27824","1":"product","2":"type-product","3":"status-publish","4":"has-post-thumbnail","6":"product_cat-blazer","8":"first","9":"instock","10":"shipping-taxable","11":"product-type-simple"},"_links":{"self":[{"href":"https:\/\/jpugarte.cl\/en\/wp-json\/wp\/v2\/product\/27824","targetHints":{"allow":["GET"]}}],"collection":[{"href":"https:\/\/jpugarte.cl\/en\/wp-json\/wp\/v2\/product"}],"about":[{"href":"https:\/\/jpugarte.cl\/en\/wp-json\/wp\/v2\/types\/product"}],"replies":[{"embeddable":true,"href":"https:\/\/jpugarte.cl\/en\/wp-json\/wp\/v2\/comments?post=27824"}],"version-history":[{"count":3,"href":"https:\/\/jpugarte.cl\/en\/wp-json\/wp\/v2\/product\/27824\/revisions"}],"predecessor-version":[{"id":28101,"href":"https:\/\/jpugarte.cl\/en\/wp-json\/wp\/v2\/product\/27824\/revisions\/28101"}],"wp:featuredmedia":[{"embeddable":true,"href":"https:\/\/jpugarte.cl\/en\/wp-json\/wp\/v2\/media\/27834"}],"wp:attachment":[{"href":"https:\/\/jpugarte.cl\/en\/wp-json\/wp\/v2\/media?parent=27824"}],"wp:term":[{"taxonomy":"product_brand","embeddable":true,"href":"https:\/\/jpugarte.cl\/en\/wp-json\/wp\/v2\/product_brand?post=27824"},{"taxonomy":"product_cat","embeddable":true,"href":"https:\/\/jpugarte.cl\/en\/wp-json\/wp\/v2\/product_cat?post=27824"},{"taxonomy":"product_tag","embeddable":true,"href":"https:\/\/jpugarte.cl\/en\/wp-json\/wp\/v2\/product_tag?post=27824"}],"curies":[{"name":"wp","href":"https:\/\/api.w.org\/{rel}","templated":true}]}}